{"id":455,"date":"2021-02-09T20:38:05","date_gmt":"2021-02-09T20:38:05","guid":{"rendered":"http:\/\/previsare.com.br\/?post_type=product&#038;p=455"},"modified":"2026-04-09T06:59:12","modified_gmt":"2026-04-09T06:59:12","slug":"seguro-automotivo","status":"publish","type":"product","link":"https:\/\/previsare.com.br\/?product=seguro-automotivo","title":{"rendered":"Planos de Sa\u00fade"},"content":{"rendered":"","protected":false},"excerpt":{"rendered":"<p>Oferecemos diferentes planos de sa\u00fade que atendem suas necessidades pessoais, por mais din\u00e2micas que elas sejam.<\/p>\n<p>Conte-nos sobre suas necessidades de planos de sa\u00fade e nossos consultores experientes localizar\u00e3o um plano que mais se adeque ao que precisa.<\/p>\n<p>Nossa equipe ficar\u00e1 feliz em responder suas perguntas e em te dar recomenda\u00e7\u00f5es personalizadas com base nas suas demandas.<\/p>\n<p>Estamos aqui para represent\u00e1-lo e nos certificarmos que voc\u00ea receba a solu\u00e7\u00e3o de plano de sa\u00fade que seja mais adequada \u00e0s suas necessidades.<\/p>\n<p>Entre em contato conosco!<\/p>\n<p><a href=\"mailto:Comercial@previsare.com.br\">Comercial@previsare.com.br<\/a><\/p>\n","protected":false},"featured_media":923,"comment_status":"open","ping_status":"closed","template":"","meta":[],"class_list":{"0":"post-455","1":"product","2":"type-product","3":"status-publish","4":"has-post-thumbnail","6":"product_cat-sem-categoria","8":"first","9":"instock","10":"shipping-taxable","11":"product-type-simple"},"yoast_head":"<!-- This site is optimized with the Yoast SEO plugin v15.8 - https:\/\/yoast.com\/wordpress\/plugins\/seo\/ -->\n<title>Planos de Sa\u00fade - Previsare<\/title>\n<meta name=\"robots\" content=\"index, follow, max-snippet:-1, max-image-preview:large, max-video-preview:-1\" \/>\n<link rel=\"canonical\" href=\"https:\/\/previsare.com.br\/?product=seguro-automotivo\" \/>\n<meta property=\"og:locale\" content=\"pt_BR\" \/>\n<meta property=\"og:type\" content=\"article\" \/>\n<meta property=\"og:title\" content=\"Planos de Sa\u00fade - Previsare\" \/>\n<meta property=\"og:description\" content=\"Oferecemos diferentes planos de sa\u00fade que atendem suas necessidades pessoais, por mais din\u00e2micas que elas sejam.  Conte-nos sobre suas necessidades de planos de sa\u00fade e nossos consultores experientes localizar\u00e3o um plano que mais se adeque ao que precisa.  Nossa equipe ficar\u00e1 feliz em responder suas perguntas e em te dar recomenda\u00e7\u00f5es personalizadas com base nas suas demandas.  Estamos aqui para represent\u00e1-lo e nos certificarmos que voc\u00ea receba a solu\u00e7\u00e3o de plano de sa\u00fade que seja mais adequada \u00e0s suas necessidades.  Entre em contato conosco!  Comercial@previsare.com.br\" \/>\n<meta property=\"og:url\" content=\"https:\/\/previsare.com.br\/?product=seguro-automotivo\" \/>\n<meta property=\"og:site_name\" content=\"Previsare\" \/>\n<meta property=\"article:modified_time\" content=\"2026-04-09T06:59:12+00:00\" \/>\n<meta property=\"og:image\" content=\"https:\/\/previsare.com.br\/wp-content\/uploads\/2021\/02\/plano-saude-ideal-1.png\" \/>\n\t<meta property=\"og:image:width\" content=\"254\" \/>\n\t<meta property=\"og:image:height\" content=\"175\" \/>\n<meta name=\"twitter:card\" content=\"summary_large_image\" \/>\n<script type=\"application\/ld+json\" class=\"yoast-schema-graph\">{\"@context\":\"https:\/\/schema.org\",\"@graph\":[{\"@type\":\"WebSite\",\"@id\":\"https:\/\/previsare.com.br\/#website\",\"url\":\"https:\/\/previsare.com.br\/\",\"name\":\"Previsare\",\"description\":\"Corretora de Seguros\",\"potentialAction\":[{\"@type\":\"SearchAction\",\"target\":\"https:\/\/previsare.com.br\/?s={search_term_string}\",\"query-input\":\"required name=search_term_string\"}],\"inLanguage\":\"pt-BR\"},{\"@type\":\"ImageObject\",\"@id\":\"https:\/\/previsare.com.br\/?product=seguro-automotivo#primaryimage\",\"inLanguage\":\"pt-BR\",\"url\":\"https:\/\/previsare.com.br\/wp-content\/uploads\/2021\/02\/plano-saude-ideal-1.png\",\"width\":254,\"height\":175},{\"@type\":\"WebPage\",\"@id\":\"https:\/\/previsare.com.br\/?product=seguro-automotivo#webpage\",\"url\":\"https:\/\/previsare.com.br\/?product=seguro-automotivo\",\"name\":\"Planos de Sa\\u00fade - Previsare\",\"isPartOf\":{\"@id\":\"https:\/\/previsare.com.br\/#website\"},\"primaryImageOfPage\":{\"@id\":\"https:\/\/previsare.com.br\/?product=seguro-automotivo#primaryimage\"},\"datePublished\":\"2021-02-09T20:38:05+00:00\",\"dateModified\":\"2026-04-09T06:59:12+00:00\",\"breadcrumb\":{\"@id\":\"https:\/\/previsare.com.br\/?product=seguro-automotivo#breadcrumb\"},\"inLanguage\":\"pt-BR\",\"potentialAction\":[{\"@type\":\"ReadAction\",\"target\":[\"https:\/\/previsare.com.br\/?product=seguro-automotivo\"]}]},{\"@type\":\"BreadcrumbList\",\"@id\":\"https:\/\/previsare.com.br\/?product=seguro-automotivo#breadcrumb\",\"itemListElement\":[{\"@type\":\"ListItem\",\"position\":1,\"item\":{\"@type\":\"WebPage\",\"@id\":\"https:\/\/previsare.com.br\/\",\"url\":\"https:\/\/previsare.com.br\/\",\"name\":\"Home\"}},{\"@type\":\"ListItem\",\"position\":2,\"item\":{\"@type\":\"WebPage\",\"@id\":\"https:\/\/previsare.com.br\/?page_id=395\",\"url\":\"https:\/\/previsare.com.br\/?page_id=395\",\"name\":\"Loja\"}},{\"@type\":\"ListItem\",\"position\":3,\"item\":{\"@type\":\"WebPage\",\"@id\":\"https:\/\/previsare.com.br\/?product=seguro-automotivo\",\"url\":\"https:\/\/previsare.com.br\/?product=seguro-automotivo\",\"name\":\"Planos de Sa\\u00fade\"}}]}]}<\/script>\n<!-- \/ Yoast SEO plugin. -->","_links":{"self":[{"href":"https:\/\/previsare.com.br\/index.php?rest_route=\/wp\/v2\/product\/455","targetHints":{"allow":["GET"]}}],"collection":[{"href":"https:\/\/previsare.com.br\/index.php?rest_route=\/wp\/v2\/product"}],"about":[{"href":"https:\/\/previsare.com.br\/index.php?rest_route=\/wp\/v2\/types\/product"}],"replies":[{"embeddable":true,"href":"https:\/\/previsare.com.br\/index.php?rest_route=%2Fwp%2Fv2%2Fcomments&post=455"}],"wp:featuredmedia":[{"embeddable":true,"href":"https:\/\/previsare.com.br\/index.php?rest_route=\/wp\/v2\/media\/923"}],"wp:attachment":[{"href":"https:\/\/previsare.com.br\/index.php?rest_route=%2Fwp%2Fv2%2Fmedia&parent=455"}],"curies":[{"name":"wp","href":"https:\/\/api.w.org\/{rel}","templated":true}]}}