{"id":561,"date":"2021-02-10T12:13:20","date_gmt":"2021-02-10T12:13:20","guid":{"rendered":"http:\/\/previsare.com.br\/?post_type=product&#038;p=561"},"modified":"2026-04-06T10:53:22","modified_gmt":"2026-04-06T10:53:22","slug":"seguro-residencial-para-quem-gosta-de-cuidar-do-lar-copia","status":"publish","type":"product","link":"https:\/\/previsare.com.br\/?product=seguro-residencial-para-quem-gosta-de-cuidar-do-lar-copia","title":{"rendered":"Residencial"},"content":{"rendered":"","protected":false},"excerpt":{"rendered":"<h2><strong>Seu lar \u00e9 seu patrim\u00f4nio e ele tamb\u00e9m merece ser cuidado!<\/strong><\/h2>\n<p>O Seguro Residencial tem diversas coberturas e benef\u00edcios para voc\u00ea.<\/p>\n<p>Al\u00e9m das diversas coberturas contra inc\u00eandio, raio e explos\u00e3o, danos el\u00e9tricos, roubo e furto qualificado, impacto de ve\u00edculo, entre outras; v\u00e1rios outros servi\u00e7os est\u00e3o dispon\u00edveis nessa modalidade, como chaveiro, encanador, eletricista, vidraceiro, desentupidor e, em alguns planos, check-up para o seu carro, atendimento veterin\u00e1rio para seu pet.<\/p>\n<p>Entre em contato conosco, e fa\u00e7a uma cota\u00e7\u00e3o!<\/p>\n<p><a href=\"mailto:comercial@previsare.com.br\">comercial@previsare.com.br<\/a><\/p>\n","protected":false},"featured_media":558,"comment_status":"open","ping_status":"closed","template":"","meta":[],"class_list":{"0":"post-561","1":"product","2":"type-product","3":"status-publish","4":"has-post-thumbnail","6":"product_cat-sem-categoria","8":"first","9":"instock","10":"shipping-taxable","11":"product-type-simple"},"yoast_head":"<!-- This site is optimized with the Yoast SEO plugin v15.8 - https:\/\/yoast.com\/wordpress\/plugins\/seo\/ -->\n<title>Residencial - Previsare<\/title>\n<meta name=\"robots\" content=\"index, follow, max-snippet:-1, max-image-preview:large, max-video-preview:-1\" \/>\n<link rel=\"canonical\" href=\"https:\/\/previsare.com.br\/?product=seguro-residencial-para-quem-gosta-de-cuidar-do-lar-copia\" \/>\n<meta property=\"og:locale\" content=\"pt_BR\" \/>\n<meta property=\"og:type\" content=\"article\" \/>\n<meta property=\"og:title\" content=\"Residencial - Previsare\" \/>\n<meta property=\"og:description\" content=\"Seu lar \u00e9 seu patrim\u00f4nio e ele tamb\u00e9m merece ser cuidado! O Seguro Residencial tem diversas coberturas e benef\u00edcios para voc\u00ea.  Al\u00e9m das diversas coberturas contra inc\u00eandio, raio e explos\u00e3o, danos el\u00e9tricos, roubo e furto qualificado, impacto de ve\u00edculo, entre outras; v\u00e1rios outros servi\u00e7os est\u00e3o dispon\u00edveis nessa modalidade, como chaveiro, encanador, eletricista, vidraceiro, desentupidor e, em alguns planos, check-up para o seu carro, atendimento veterin\u00e1rio para seu pet.  Entre em contato conosco, e fa\u00e7a uma cota\u00e7\u00e3o!  comercial@previsare.com.br\" \/>\n<meta property=\"og:url\" content=\"https:\/\/previsare.com.br\/?product=seguro-residencial-para-quem-gosta-de-cuidar-do-lar-copia\" \/>\n<meta property=\"og:site_name\" content=\"Previsare\" \/>\n<meta property=\"article:modified_time\" content=\"2026-04-06T10:53:22+00:00\" \/>\n<meta property=\"og:image\" content=\"https:\/\/previsare.com.br\/wp-content\/uploads\/2021\/02\/seguro_residencial.jpg\" \/>\n\t<meta property=\"og:image:width\" content=\"254\" \/>\n\t<meta property=\"og:image:height\" content=\"175\" \/>\n<meta name=\"twitter:card\" content=\"summary_large_image\" \/>\n<script type=\"application\/ld+json\" class=\"yoast-schema-graph\">{\"@context\":\"https:\/\/schema.org\",\"@graph\":[{\"@type\":\"WebSite\",\"@id\":\"https:\/\/previsare.com.br\/#website\",\"url\":\"https:\/\/previsare.com.br\/\",\"name\":\"Previsare\",\"description\":\"Corretora de Seguros\",\"potentialAction\":[{\"@type\":\"SearchAction\",\"target\":\"https:\/\/previsare.com.br\/?s={search_term_string}\",\"query-input\":\"required name=search_term_string\"}],\"inLanguage\":\"pt-BR\"},{\"@type\":\"ImageObject\",\"@id\":\"https:\/\/previsare.com.br\/?product=seguro-residencial-para-quem-gosta-de-cuidar-do-lar-copia#primaryimage\",\"inLanguage\":\"pt-BR\",\"url\":\"https:\/\/previsare.com.br\/wp-content\/uploads\/2021\/02\/seguro_residencial.jpg\",\"width\":254,\"height\":175},{\"@type\":\"WebPage\",\"@id\":\"https:\/\/previsare.com.br\/?product=seguro-residencial-para-quem-gosta-de-cuidar-do-lar-copia#webpage\",\"url\":\"https:\/\/previsare.com.br\/?product=seguro-residencial-para-quem-gosta-de-cuidar-do-lar-copia\",\"name\":\"Residencial - Previsare\",\"isPartOf\":{\"@id\":\"https:\/\/previsare.com.br\/#website\"},\"primaryImageOfPage\":{\"@id\":\"https:\/\/previsare.com.br\/?product=seguro-residencial-para-quem-gosta-de-cuidar-do-lar-copia#primaryimage\"},\"datePublished\":\"2021-02-10T12:13:20+00:00\",\"dateModified\":\"2026-04-06T10:53:22+00:00\",\"breadcrumb\":{\"@id\":\"https:\/\/previsare.com.br\/?product=seguro-residencial-para-quem-gosta-de-cuidar-do-lar-copia#breadcrumb\"},\"inLanguage\":\"pt-BR\",\"potentialAction\":[{\"@type\":\"ReadAction\",\"target\":[\"https:\/\/previsare.com.br\/?product=seguro-residencial-para-quem-gosta-de-cuidar-do-lar-copia\"]}]},{\"@type\":\"BreadcrumbList\",\"@id\":\"https:\/\/previsare.com.br\/?product=seguro-residencial-para-quem-gosta-de-cuidar-do-lar-copia#breadcrumb\",\"itemListElement\":[{\"@type\":\"ListItem\",\"position\":1,\"item\":{\"@type\":\"WebPage\",\"@id\":\"https:\/\/previsare.com.br\/\",\"url\":\"https:\/\/previsare.com.br\/\",\"name\":\"Home\"}},{\"@type\":\"ListItem\",\"position\":2,\"item\":{\"@type\":\"WebPage\",\"@id\":\"https:\/\/previsare.com.br\/?page_id=395\",\"url\":\"https:\/\/previsare.com.br\/?page_id=395\",\"name\":\"Loja\"}},{\"@type\":\"ListItem\",\"position\":3,\"item\":{\"@type\":\"WebPage\",\"@id\":\"https:\/\/previsare.com.br\/?product=seguro-residencial-para-quem-gosta-de-cuidar-do-lar-copia\",\"url\":\"https:\/\/previsare.com.br\/?product=seguro-residencial-para-quem-gosta-de-cuidar-do-lar-copia\",\"name\":\"Residencial\"}}]}]}<\/script>\n<!-- \/ Yoast SEO plugin. -->","_links":{"self":[{"href":"https:\/\/previsare.com.br\/index.php?rest_route=\/wp\/v2\/product\/561","targetHints":{"allow":["GET"]}}],"collection":[{"href":"https:\/\/previsare.com.br\/index.php?rest_route=\/wp\/v2\/product"}],"about":[{"href":"https:\/\/previsare.com.br\/index.php?rest_route=\/wp\/v2\/types\/product"}],"replies":[{"embeddable":true,"href":"https:\/\/previsare.com.br\/index.php?rest_route=%2Fwp%2Fv2%2Fcomments&post=561"}],"wp:featuredmedia":[{"embeddable":true,"href":"https:\/\/previsare.com.br\/index.php?rest_route=\/wp\/v2\/media\/558"}],"wp:attachment":[{"href":"https:\/\/previsare.com.br\/index.php?rest_route=%2Fwp%2Fv2%2Fmedia&parent=561"}],"curies":[{"name":"wp","href":"https:\/\/api.w.org\/{rel}","templated":true}]}}