{"id":562,"date":"2021-02-10T12:14:20","date_gmt":"2021-02-10T12:14:20","guid":{"rendered":"http:\/\/previsare.com.br\/?post_type=product&#038;p=562"},"modified":"2026-03-30T05:47:17","modified_gmt":"2026-03-30T05:47:17","slug":"seguro-de-condominio-protecao-a-todo-dispor-copia","status":"publish","type":"product","link":"https:\/\/previsare.com.br\/?product=seguro-de-condominio-protecao-a-todo-dispor-copia","title":{"rendered":"Condom\u00ednio"},"content":{"rendered":"","protected":false},"excerpt":{"rendered":"<h3>Voc\u00ea sabia que:<\/h3>\n<p>O Seguro de Condom\u00ednio \u00e9 obrigat\u00f3rio por lei para pr\u00e9dios residenciais, comerciais e mistos.<\/p>\n<p>Ele possui coberturas b\u00e1sicas e adicionais, podendo ir de coberturas para roubos e furtos at\u00e9 para inc\u00eandio, vendaval, explos\u00e3o etc.<\/p>\n<ul>\n<li>Fazemos todos os seguros de Condom\u00ednio em acordo com a conven\u00e7\u00e3o coletiva;<\/li>\n<li>Avaliamos as melhores propostas no mercado de seguros com o menor custo, pois realizamos diversas cota\u00e7\u00f5es com as maiores e melhores seguradoras do mercado;<\/li>\n<li>Mapeamos e analisamos as necessidades de cada cliente, de acordo com o risco real e desconhecido ao qual est\u00e3o expostos;<\/li>\n<li>Desenvolvemos solu\u00e7\u00f5es personalizadas para cada necessidade;<\/li>\n<li>Acompanhamos as ap\u00f3lices contratadas e assessoramos o segurado e o terceiro na regula\u00e7\u00e3o dos sinistros.<\/li>\n<\/ul>\n<p>Entre em contato conosco e solicite um or\u00e7amento!<\/p>\n<p><a href=\"mailto:comercial@previsare.com.br\">comercial@previsare.com.br<\/a><\/p>\n<p>&nbsp;<\/p>\n","protected":false},"featured_media":556,"comment_status":"open","ping_status":"closed","template":"","meta":[],"class_list":{"0":"post-562","1":"product","2":"type-product","3":"status-publish","4":"has-post-thumbnail","6":"product_cat-sem-categoria","8":"first","9":"instock","10":"shipping-taxable","11":"product-type-simple"},"yoast_head":"<!-- This site is optimized with the Yoast SEO plugin v15.8 - https:\/\/yoast.com\/wordpress\/plugins\/seo\/ -->\n<title>Condom\u00ednio - Previsare<\/title>\n<meta name=\"robots\" content=\"index, follow, max-snippet:-1, max-image-preview:large, max-video-preview:-1\" \/>\n<link rel=\"canonical\" href=\"https:\/\/previsare.com.br\/?product=seguro-de-condominio-protecao-a-todo-dispor-copia\" \/>\n<meta property=\"og:locale\" content=\"pt_BR\" \/>\n<meta property=\"og:type\" content=\"article\" \/>\n<meta property=\"og:title\" content=\"Condom\u00ednio - Previsare\" \/>\n<meta property=\"og:description\" content=\"Voc\u00ea sabia que: O Seguro de Condom\u00ednio \u00e9 obrigat\u00f3rio por lei para pr\u00e9dios residenciais, comerciais e mistos.  Ele possui coberturas b\u00e1sicas e adicionais, podendo ir de coberturas para roubos e furtos at\u00e9 para inc\u00eandio, vendaval, explos\u00e3o etc.   Fazemos todos os seguros de Condom\u00ednio em acordo com a conven\u00e7\u00e3o coletiva;  Avaliamos as melhores propostas no mercado de seguros com o menor custo, pois realizamos diversas cota\u00e7\u00f5es com as maiores e melhores seguradoras do mercado;  Mapeamos e analisamos as necessidades de cada cliente, de acordo com o risco real e desconhecido ao qual est\u00e3o expostos;  Desenvolvemos solu\u00e7\u00f5es personalizadas para cada necessidade;  Acompanhamos as ap\u00f3lices contratadas e assessoramos o segurado e o terceiro na regula\u00e7\u00e3o dos sinistros.  Entre em contato conosco e solicite um or\u00e7amento!  comercial@previsare.com.br  &nbsp;\" \/>\n<meta property=\"og:url\" content=\"https:\/\/previsare.com.br\/?product=seguro-de-condominio-protecao-a-todo-dispor-copia\" \/>\n<meta property=\"og:site_name\" content=\"Previsare\" \/>\n<meta property=\"article:modified_time\" content=\"2026-03-30T05:47:17+00:00\" \/>\n<meta property=\"og:image\" content=\"https:\/\/previsare.com.br\/wp-content\/uploads\/2021\/02\/seguro_de_condominio-1.jpg\" \/>\n\t<meta property=\"og:image:width\" content=\"254\" \/>\n\t<meta property=\"og:image:height\" content=\"175\" \/>\n<meta name=\"twitter:card\" content=\"summary_large_image\" \/>\n<script type=\"application\/ld+json\" class=\"yoast-schema-graph\">{\"@context\":\"https:\/\/schema.org\",\"@graph\":[{\"@type\":\"WebSite\",\"@id\":\"https:\/\/previsare.com.br\/#website\",\"url\":\"https:\/\/previsare.com.br\/\",\"name\":\"Previsare\",\"description\":\"Corretora de Seguros\",\"potentialAction\":[{\"@type\":\"SearchAction\",\"target\":\"https:\/\/previsare.com.br\/?s={search_term_string}\",\"query-input\":\"required name=search_term_string\"}],\"inLanguage\":\"pt-BR\"},{\"@type\":\"ImageObject\",\"@id\":\"https:\/\/previsare.com.br\/?product=seguro-de-condominio-protecao-a-todo-dispor-copia#primaryimage\",\"inLanguage\":\"pt-BR\",\"url\":\"https:\/\/previsare.com.br\/wp-content\/uploads\/2021\/02\/seguro_de_condominio-1.jpg\",\"width\":254,\"height\":175},{\"@type\":\"WebPage\",\"@id\":\"https:\/\/previsare.com.br\/?product=seguro-de-condominio-protecao-a-todo-dispor-copia#webpage\",\"url\":\"https:\/\/previsare.com.br\/?product=seguro-de-condominio-protecao-a-todo-dispor-copia\",\"name\":\"Condom\\u00ednio - Previsare\",\"isPartOf\":{\"@id\":\"https:\/\/previsare.com.br\/#website\"},\"primaryImageOfPage\":{\"@id\":\"https:\/\/previsare.com.br\/?product=seguro-de-condominio-protecao-a-todo-dispor-copia#primaryimage\"},\"datePublished\":\"2021-02-10T12:14:20+00:00\",\"dateModified\":\"2026-03-30T05:47:17+00:00\",\"breadcrumb\":{\"@id\":\"https:\/\/previsare.com.br\/?product=seguro-de-condominio-protecao-a-todo-dispor-copia#breadcrumb\"},\"inLanguage\":\"pt-BR\",\"potentialAction\":[{\"@type\":\"ReadAction\",\"target\":[\"https:\/\/previsare.com.br\/?product=seguro-de-condominio-protecao-a-todo-dispor-copia\"]}]},{\"@type\":\"BreadcrumbList\",\"@id\":\"https:\/\/previsare.com.br\/?product=seguro-de-condominio-protecao-a-todo-dispor-copia#breadcrumb\",\"itemListElement\":[{\"@type\":\"ListItem\",\"position\":1,\"item\":{\"@type\":\"WebPage\",\"@id\":\"https:\/\/previsare.com.br\/\",\"url\":\"https:\/\/previsare.com.br\/\",\"name\":\"Home\"}},{\"@type\":\"ListItem\",\"position\":2,\"item\":{\"@type\":\"WebPage\",\"@id\":\"https:\/\/previsare.com.br\/?page_id=395\",\"url\":\"https:\/\/previsare.com.br\/?page_id=395\",\"name\":\"Loja\"}},{\"@type\":\"ListItem\",\"position\":3,\"item\":{\"@type\":\"WebPage\",\"@id\":\"https:\/\/previsare.com.br\/?product=seguro-de-condominio-protecao-a-todo-dispor-copia\",\"url\":\"https:\/\/previsare.com.br\/?product=seguro-de-condominio-protecao-a-todo-dispor-copia\",\"name\":\"Condom\\u00ednio\"}}]}]}<\/script>\n<!-- \/ Yoast SEO plugin. -->","_links":{"self":[{"href":"https:\/\/previsare.com.br\/index.php?rest_route=\/wp\/v2\/product\/562","targetHints":{"allow":["GET"]}}],"collection":[{"href":"https:\/\/previsare.com.br\/index.php?rest_route=\/wp\/v2\/product"}],"about":[{"href":"https:\/\/previsare.com.br\/index.php?rest_route=\/wp\/v2\/types\/product"}],"replies":[{"embeddable":true,"href":"https:\/\/previsare.com.br\/index.php?rest_route=%2Fwp%2Fv2%2Fcomments&post=562"}],"wp:featuredmedia":[{"embeddable":true,"href":"https:\/\/previsare.com.br\/index.php?rest_route=\/wp\/v2\/media\/556"}],"wp:attachment":[{"href":"https:\/\/previsare.com.br\/index.php?rest_route=%2Fwp%2Fv2%2Fmedia&parent=562"}],"curies":[{"name":"wp","href":"https:\/\/api.w.org\/{rel}","templated":true}]}}