{"id":563,"date":"2021-02-10T12:15:21","date_gmt":"2021-02-10T12:15:21","guid":{"rendered":"http:\/\/previsare.com.br\/?post_type=product&#038;p=563"},"modified":"2026-03-30T05:46:28","modified_gmt":"2026-03-30T05:46:28","slug":"seguro-automotivo-copia","status":"publish","type":"product","link":"https:\/\/previsare.com.br\/?product=seguro-automotivo-copia","title":{"rendered":"Autom\u00f3vel e Frotas"},"content":{"rendered":"","protected":false},"excerpt":{"rendered":"<p>Com o seguro auto voc\u00ea dirige sem preocupa\u00e7\u00f5es!!<\/p>\n<p>Al\u00e9m de estar prevenido em caso de roubo ou algum acidente, o seguro de autom\u00f3vel tamb\u00e9m pode trazer outros benef\u00edcios:<\/p>\n<ul>\n<li>Cobertura em caso de fen\u00f4menos naturais (alagamentos, raios e vendavais);<\/li>\n<li>Cobertura em caso de acidentes pessoais de passageiros;<\/li>\n<li>Cobertura para troca de vidro;<\/li>\n<li>Assist\u00eancia 24 horas em caso de pane mec\u00e2nica, pane seca, troca de pneus, entre outros.<\/li>\n<\/ul>\n<p>Entre em contato conosco e solicite um or\u00e7amento!<\/p>\n<p><a href=\"mailto:comercial@previsare.com.br\">comercial@previsare.com.br<\/a><\/p>\n","protected":false},"featured_media":555,"comment_status":"open","ping_status":"closed","template":"","meta":[],"class_list":{"0":"post-563","1":"product","2":"type-product","3":"status-publish","4":"has-post-thumbnail","6":"product_cat-sem-categoria","8":"first","9":"instock","10":"shipping-taxable","11":"product-type-simple"},"yoast_head":"<!-- This site is optimized with the Yoast SEO plugin v15.8 - https:\/\/yoast.com\/wordpress\/plugins\/seo\/ -->\n<title>Autom\u00f3vel e Frotas - Previsare<\/title>\n<meta name=\"robots\" content=\"index, follow, max-snippet:-1, max-image-preview:large, max-video-preview:-1\" \/>\n<link rel=\"canonical\" href=\"https:\/\/previsare.com.br\/?product=seguro-automotivo-copia\" \/>\n<meta property=\"og:locale\" content=\"pt_BR\" \/>\n<meta property=\"og:type\" content=\"article\" \/>\n<meta property=\"og:title\" content=\"Autom\u00f3vel e Frotas - Previsare\" \/>\n<meta property=\"og:description\" content=\"Com o seguro auto voc\u00ea dirige sem preocupa\u00e7\u00f5es!!  Al\u00e9m de estar prevenido em caso de roubo ou algum acidente, o seguro de autom\u00f3vel tamb\u00e9m pode trazer outros benef\u00edcios:   Cobertura em caso de fen\u00f4menos naturais (alagamentos, raios e vendavais);  Cobertura em caso de acidentes pessoais de passageiros;  Cobertura para troca de vidro;  Assist\u00eancia 24 horas em caso de pane mec\u00e2nica, pane seca, troca de pneus, entre outros.  Entre em contato conosco e solicite um or\u00e7amento!  comercial@previsare.com.br\" \/>\n<meta property=\"og:url\" content=\"https:\/\/previsare.com.br\/?product=seguro-automotivo-copia\" \/>\n<meta property=\"og:site_name\" content=\"Previsare\" \/>\n<meta property=\"article:modified_time\" content=\"2026-03-30T05:46:28+00:00\" \/>\n<meta property=\"og:image\" content=\"https:\/\/previsare.com.br\/wp-content\/uploads\/2021\/02\/seguro_automotivo.jpg\" \/>\n\t<meta property=\"og:image:width\" content=\"254\" \/>\n\t<meta property=\"og:image:height\" content=\"175\" \/>\n<meta name=\"twitter:card\" content=\"summary_large_image\" \/>\n<script type=\"application\/ld+json\" class=\"yoast-schema-graph\">{\"@context\":\"https:\/\/schema.org\",\"@graph\":[{\"@type\":\"WebSite\",\"@id\":\"https:\/\/previsare.com.br\/#website\",\"url\":\"https:\/\/previsare.com.br\/\",\"name\":\"Previsare\",\"description\":\"Corretora de Seguros\",\"potentialAction\":[{\"@type\":\"SearchAction\",\"target\":\"https:\/\/previsare.com.br\/?s={search_term_string}\",\"query-input\":\"required name=search_term_string\"}],\"inLanguage\":\"pt-BR\"},{\"@type\":\"ImageObject\",\"@id\":\"https:\/\/previsare.com.br\/?product=seguro-automotivo-copia#primaryimage\",\"inLanguage\":\"pt-BR\",\"url\":\"https:\/\/previsare.com.br\/wp-content\/uploads\/2021\/02\/seguro_automotivo.jpg\",\"width\":254,\"height\":175},{\"@type\":\"WebPage\",\"@id\":\"https:\/\/previsare.com.br\/?product=seguro-automotivo-copia#webpage\",\"url\":\"https:\/\/previsare.com.br\/?product=seguro-automotivo-copia\",\"name\":\"Autom\\u00f3vel e Frotas - Previsare\",\"isPartOf\":{\"@id\":\"https:\/\/previsare.com.br\/#website\"},\"primaryImageOfPage\":{\"@id\":\"https:\/\/previsare.com.br\/?product=seguro-automotivo-copia#primaryimage\"},\"datePublished\":\"2021-02-10T12:15:21+00:00\",\"dateModified\":\"2026-03-30T05:46:28+00:00\",\"breadcrumb\":{\"@id\":\"https:\/\/previsare.com.br\/?product=seguro-automotivo-copia#breadcrumb\"},\"inLanguage\":\"pt-BR\",\"potentialAction\":[{\"@type\":\"ReadAction\",\"target\":[\"https:\/\/previsare.com.br\/?product=seguro-automotivo-copia\"]}]},{\"@type\":\"BreadcrumbList\",\"@id\":\"https:\/\/previsare.com.br\/?product=seguro-automotivo-copia#breadcrumb\",\"itemListElement\":[{\"@type\":\"ListItem\",\"position\":1,\"item\":{\"@type\":\"WebPage\",\"@id\":\"https:\/\/previsare.com.br\/\",\"url\":\"https:\/\/previsare.com.br\/\",\"name\":\"Home\"}},{\"@type\":\"ListItem\",\"position\":2,\"item\":{\"@type\":\"WebPage\",\"@id\":\"https:\/\/previsare.com.br\/?page_id=395\",\"url\":\"https:\/\/previsare.com.br\/?page_id=395\",\"name\":\"Loja\"}},{\"@type\":\"ListItem\",\"position\":3,\"item\":{\"@type\":\"WebPage\",\"@id\":\"https:\/\/previsare.com.br\/?product=seguro-automotivo-copia\",\"url\":\"https:\/\/previsare.com.br\/?product=seguro-automotivo-copia\",\"name\":\"Autom\\u00f3vel e Frotas\"}}]}]}<\/script>\n<!-- \/ Yoast SEO plugin. -->","_links":{"self":[{"href":"https:\/\/previsare.com.br\/index.php?rest_route=\/wp\/v2\/product\/563","targetHints":{"allow":["GET"]}}],"collection":[{"href":"https:\/\/previsare.com.br\/index.php?rest_route=\/wp\/v2\/product"}],"about":[{"href":"https:\/\/previsare.com.br\/index.php?rest_route=\/wp\/v2\/types\/product"}],"replies":[{"embeddable":true,"href":"https:\/\/previsare.com.br\/index.php?rest_route=%2Fwp%2Fv2%2Fcomments&post=563"}],"wp:featuredmedia":[{"embeddable":true,"href":"https:\/\/previsare.com.br\/index.php?rest_route=\/wp\/v2\/media\/555"}],"wp:attachment":[{"href":"https:\/\/previsare.com.br\/index.php?rest_route=%2Fwp%2Fv2%2Fmedia&parent=563"}],"curies":[{"name":"wp","href":"https:\/\/api.w.org\/{rel}","templated":true}]}}